{"id":425,"date":"2019-12-10T15:36:26","date_gmt":"2019-12-10T15:36:26","guid":{"rendered":"https:\/\/www.neuronbest.de\/?page_id=425"},"modified":"2020-02-28T14:13:22","modified_gmt":"2020-02-28T14:13:22","slug":"nahrungsergaenzungsmittel","status":"publish","type":"page","link":"https:\/\/www.neuronbest.de\/index.php\/nahrungsergaenzungsmittel\/","title":{"rendered":"NAHRUNGSERG\u00c4NZUNGSMITTEL"},"content":{"rendered":"<div id='full_slider_1'  class='avia-fullwidth-slider main_color avia-shadow   avia-builder-el-0  el_before_av_textblock  avia-builder-el-first   container_wrap fullsize'  ><div   data-size='no scaling'  data-lightbox_size='large'  data-animation='slide'  data-conditional_play=''  data-ids='587'  data-video_counter='0'  data-autoplay='false'  data-bg_slider='false'  data-slide_height=''  data-handle='av_slideshow_full'  data-interval='5'  data-class=' '  data-el_id=''  data-css_id=''  data-scroll_down=''  data-control_layout='av-control-default'  data-custom_markup=''  data-perma_caption=''  data-autoplay_stopper=''  data-image_attachment=''  data-min_height='0px'  data-lazy_loading='disabled'  data-src=''  data-position='top left'  data-repeat='no-repeat'  data-attach='scroll'  data-stretch=''  class='avia-slideshow avia-slideshow-1  av-control-default av-default-height-applied avia-slideshow-no scaling av_slideshow_full   avia-slide-slider '  itemprop=\"image\" itemscope=\"itemscope\" itemtype=\"https:\/\/schema.org\/ImageObject\" ><ul class='avia-slideshow-inner ' style='padding-bottom: 10.7421875%;' ><li  class=' av-single-slide slide-1 ' ><div data-rel='slideshow-1' class='avia-slide-wrap '   ><img class=\"wp-image-587 avia-img-lazy-loading-not-587\"  src=\"https:\/\/www.neuronbest.de\/wp-content\/uploads\/2019\/12\/AdobeStock_230196066_2560x275.jpg\" width=\"2560\" height=\"275\" title='AdobeStock_230196066_2560x275' alt=''  itemprop=\"thumbnailUrl\" srcset=\"https:\/\/www.neuronbest.de\/wp-content\/uploads\/2019\/12\/AdobeStock_230196066_2560x275.jpg 2560w, https:\/\/www.neuronbest.de\/wp-content\/uploads\/2019\/12\/AdobeStock_230196066_2560x275-300x32.jpg 300w, https:\/\/www.neuronbest.de\/wp-content\/uploads\/2019\/12\/AdobeStock_230196066_2560x275-1024x110.jpg 1024w, https:\/\/www.neuronbest.de\/wp-content\/uploads\/2019\/12\/AdobeStock_230196066_2560x275-768x83.jpg 768w, https:\/\/www.neuronbest.de\/wp-content\/uploads\/2019\/12\/AdobeStock_230196066_2560x275-1536x165.jpg 1536w, https:\/\/www.neuronbest.de\/wp-content\/uploads\/2019\/12\/AdobeStock_230196066_2560x275-2048x220.jpg 2048w, https:\/\/www.neuronbest.de\/wp-content\/uploads\/2019\/12\/AdobeStock_230196066_2560x275-1500x161.jpg 1500w, https:\/\/www.neuronbest.de\/wp-content\/uploads\/2019\/12\/AdobeStock_230196066_2560x275-705x76.jpg 705w\" sizes=\"(max-width: 2560px) 100vw, 2560px\" \/><\/div><\/li><\/ul><\/div><\/div><div id='after_full_slider_1'  class='main_color av_default_container_wrap container_wrap fullsize'  ><div class='container av-section-cont-open' ><div class='template-page content  av-content-full alpha units'><div class='post-entry post-entry-type-page post-entry-425'><div class='entry-content-wrapper clearfix'>\n<section class=\"av_textblock_section \"  itemscope=\"itemscope\" itemtype=\"https:\/\/schema.org\/CreativeWork\" ><div class='avia_textblock  '   itemprop=\"text\" ><h1>SIND NAHRUNGSERG\u00c4NZUNGSMITTEL SINNVOLL?<\/h1>\n<\/div><\/section>\n<section class=\"av_textblock_section \"  itemscope=\"itemscope\" itemtype=\"https:\/\/schema.org\/CreativeWork\" ><div class='avia_textblock  '   itemprop=\"text\" ><p>Es ist aus unserem Alltag nicht mehr wegzudenken, dass uns an jeder Ecke im Supermarkt oder in der Drogerie ein <strong>Nahrungserg\u00e4nzungsmittel<\/strong> begegnet, das wir angeblich notwendig brauchen und das uns ges\u00fcnder und fitter macht. Es beginnt mit dem Joghurt, der <strong>Lactobazillen<\/strong> enthalten soll, welche unser <strong>Verdauungssystem<\/strong> anregen. Weiter geht es \u00fcber die laktosefreie Milch bis hin zu Cerealien, die <strong>Vitamine und Spurenelemente<\/strong> enthalten.<\/p>\n<\/div><\/section>\n<section class=\"av_textblock_section \"  itemscope=\"itemscope\" itemtype=\"https:\/\/schema.org\/CreativeWork\" ><div class='avia_textblock  '   itemprop=\"text\" ><p>Der denkende Verbraucher fragt sich oft: &#8222;<strong>Was davon ist wirklich sinnvoll?&#8220;<\/strong><br \/>\nMan entdeckt, dass es sehr viele verschiedene Empfehlungen gibt. W\u00e4hrend die einen darauf schw\u00f6ren, dass nur Lebensmittel alleine den gesamten Bedarf des K\u00f6rpers decken k\u00f6nnen, behaupten andere wiederum, dass <strong>Vitaminprodukte<\/strong> aus der Drogerie sehr wohl ausreichen. Wieder andere vertrauen nur <strong>Zusatzmitteln aus der Apotheke<\/strong> und die meisten \u00c4rzte haben in ihrem Studium gerade einmal eine einzige Stunde Ern\u00e4hrungswissenschaft gehabt. Nun neigt der gesetzlich Versicherte eher dazu, die von der Krankenkasse bezahlten Pr\u00e4parate als ein <strong>hochwertiges Nahrungserg\u00e4nzungsmittel<\/strong> zu nehmen.<\/p>\n<\/div><\/section>\n<div  class='hr av-fbq7l-2e82cc118777512ffd3f858c0c5e0772 hr-default  avia-builder-el-4  el_after_av_textblock  el_before_av_textblock  '><span class='hr-inner '><span class=\"hr-inner-style\"><\/span><\/span><\/div>\n<section class=\"av_textblock_section \"  itemscope=\"itemscope\" itemtype=\"https:\/\/schema.org\/CreativeWork\" ><div class='avia_textblock  '   itemprop=\"text\" ><p><strong>IN DIESER SITUATION KOMMEN ZWEI &#8222;UNWISSENDE&#8220; ZUSAMMEN: DER ARZT WEISS NICHT, DASS ES EIN BESSERES PRODUKT GIBT UND DER PATIENT DENKT, DER ARZT WEISS ES BESSER.<\/strong><\/p>\n<p><strong>DIE ANFORDERUNGEN DES NORMALEN MODERNEN LEBENS ERFORDERT HEUTZUTAGE DIE N\u00c4HRSTOFFDICHTE, WELCHE FR\u00dcHER OFT NUR LEISTUNGSSPORTLER BRAUCHTEN. DOCH AUCH KRANKE MENSCHEN HABEN EINEN ERH\u00d6HTEN N\u00c4HRSTOFFVERBRAUCH!<\/strong><\/p>\n<\/div><\/section>\n<div  class='hr av-9uk7t-cc5589ea16f1cba0356e7ca559d1bcb6 hr-default  avia-builder-el-6  el_after_av_textblock  el_before_av_textblock  '><span class='hr-inner '><span class=\"hr-inner-style\"><\/span><\/span><\/div>\n<section class=\"av_textblock_section \"  itemscope=\"itemscope\" itemtype=\"https:\/\/schema.org\/CreativeWork\" ><div class='avia_textblock  '   itemprop=\"text\" ><p>In manchen Lebenssituationen kann es auch sein, dass der K\u00f6rper nicht ausreichend Vitamine aufnehmen kann. Vor allem \u00e4ltere Menschen, die wenig Appetit haben oder Personen, die aufgrund einer Di\u00e4t weniger essen, sollten darauf achten. F\u00fcr diese F\u00e4lle kann <strong>NeuronBEST<\/strong> Ihren Vitalstoffhaushalt in Balance halten.<\/p>\n<\/div><\/section>\n<section class=\"av_textblock_section \"  itemscope=\"itemscope\" itemtype=\"https:\/\/schema.org\/CreativeWork\" ><div class='avia_textblock  '   itemprop=\"text\" ><p><strong>Reicht eine gesunde Ern\u00e4hrung nicht aus?<\/strong><br \/>\n&#8222;Ich ern\u00e4hre mich doch so gesund, da bekommt mein K\u00f6rper doch alles was er braucht.&#8220; Ja, das w\u00e4re sch\u00f6n! \u2013 Wenn es so w\u00e4re!<\/p>\n<p>Doch leider ist es uns heutzutage gar nicht mehr m\u00f6glich mit diesen Lebensmitteln, die von Gro\u00dfkonzernen produziert werden, alle ben\u00f6tigten N\u00e4hrstoffe aufzunehmen. Die meisten Menschen leben daher im Mangel.<\/p>\n<\/div><\/section>\n<section class=\"av_textblock_section \"  itemscope=\"itemscope\" itemtype=\"https:\/\/schema.org\/CreativeWork\" ><div class='avia_textblock  '   itemprop=\"text\" ><p>Vermehrt treten immer wieder R\u00fcckrufaktionen wegen verdorbenen Fleisch- oder Wurstwaren auf oder es ist irgendetwas bei der Massenproduktion schief gelaufen. Schauen Sie sich einfach einmal die Warnseite der Bundesl\u00e4nder unter: <a href=\"https:\/\/www.lebensmittelwarnung.de\" target=\"_blank\" rel=\"noopener noreferrer\">LEBENSMITTELWARNUNG.de<\/a> an.<\/p>\n<p>Wo ist die Kontrolle, auf die wir so sehr vertrauen und auf die wir uns so blind verlassen?<\/p>\n<p>Und warum werden wir als Endverbraucher oft nicht rechtzeitig \u00fcber die Medien \u00fcber verseuchte Lebensmittel informiert?<\/p>\n<p>Der Skandal der mit <strong>Fipronil verseuchten Eier<\/strong>\u00a0zum Beispiel war schon etwa \u00bd Jahr vorher bekannt. Warum hat man uns nicht fr\u00fcher informiert? Und wenn diese Eier verseucht waren, dann doch auch logischerweise die H\u00fchner, welche die Eier gelegt haben.<\/p>\n<p><strong>Warum wurde das Gefl\u00fcgel nicht auch aus dem Verkehr gezogen??<\/strong>\u00a0 Gefl\u00fcgelleber, Gefl\u00fcgelherzen, Fertiggerichte usw.<br \/>\nLaut des Verbraucherschutzes in Hamburg haben die Beh\u00f6rden -anders als bei den Eiern &#8211; hier keine Namen der Hersteller oder von Produkten ver\u00f6ffentlicht. Warum nicht?? <strong>H\u00e4tte dies zu viel zu gro\u00dfen Verlusten gef\u00fchrt?<\/strong> Hat man deswegen lieber unsere Gesundheit aufs Spiel gesetzt?<\/p>\n<\/div><\/section>\n<section class=\"av_textblock_section \"  itemscope=\"itemscope\" itemtype=\"https:\/\/schema.org\/CreativeWork\" ><div class='avia_textblock  '   itemprop=\"text\" ><p>Die <strong>gesetzlich geregelten Ern\u00e4hrungskonzepte<\/strong> sind nicht wirklich auf N\u00e4hrstoffe ausgelegt. Dazu kommt, dass ungef\u00e4hr ab Mitte der 50\u00b4er Jahre vom Staat beauftragte Chemiker essentielle von nicht essentiellen N\u00e4hrstoffen unterschieden haben.<\/p>\n<p>Ab diesem Zeitpunkt \u00a0wurde der Ackerbau und die Nahrungsmittelindustrie auf diese Auswahl eingeschossen \/ fokussiert. Der bekannte Chemiker <strong>Andreas Noack<\/strong> wies bereits in vielen Publikationen darauf hin, dass dies der gr\u00f6\u00dfte Unfug war, den man machen konnte, da einige dieser Mineralien, die als \u201enicht essentiell\u201c gelten, f\u00fcr den K\u00f6rper zur Aktivierung von <strong>ATP (Energie in der Zelle)<\/strong> essentiell \/ wichtig sind, viele sind Enzymsteuerungen. Was nutzen unsere Enzyme, wenn sie nicht aktiv sind? In der landwirtschaftlichen Praxis musste seitdem nicht mehr auf sogenannte \u201enicht essentielle\u201c N\u00e4hrstoffe geachtet werden, das hei\u00dft, die B\u00f6den wurde nicht mehr auf das Vorkommen dieser doch so wichtigen N\u00e4hrstoffe \u00fcberpr\u00fcft. Es war einfach nicht mehr \u201eauf dem Schirm\u201c.<\/p>\n<p><strong>Dass dieses Vorgehen der Regierung durchaus einen Sinn und auch einen Zweck verfolgt, dar\u00fcber sollte man einmal nachdenken.<\/strong><\/p>\n<p>Wenn Sie noch an M\u00e4rchen glauben, dann k\u00f6nnen Sie auch daran glauben, dass der Staat Sie mit seinen Regelungen und Gesetzen sch\u00fctzt. Will er uns wirklich nur Gutes tun und das Geldverdienen steht absolut nicht im Vordergrund?<\/p>\n<p>Nach eigenen und der Erfahrungen vieler anderer sieht es wohl so aus, dass wohl leider <strong>das genaue Gegenteil<\/strong> der Fall ist.<\/p>\n<p>Offenbar wurden wieder Grenzwerte f\u00fcr Giftstoffe angehoben. So gelangen doch wieder nur mehr Giftstoffe in unseren K\u00f6rper.<\/p>\n<p>All die manipulierten Obstsorten, die durch Gentechnik ver\u00e4nderten Lebensmittel \u2013 alles nicht der Natur entsprechend. <strong>Ist das noch so richtig gesund?<\/strong><\/p>\n<p>Da denkt man: \u201eIch ern\u00e4hre mich sehr gesund. Ich esse viel Obst und Gem\u00fcse\u2026\u201c und in Wahrheit sind viele wichtige Vitamine, Mineralstoffe etc. bei den ganzen <strong>Manipulationen <\/strong>verloren gegangen.<\/p>\n<p>Und genau deswegen sind vern\u00fcnftige und nicht zu niedrig dosierte Nahrungserg\u00e4nzungsmittel so wichtig f\u00fcr uns! Hergestellt in Deutschland \u2013 wie <strong>NeuronBEST<\/strong> &#8211; und nicht kosteng\u00fcnstig in Billigl\u00e4ndern produziert.<\/p>\n<p>Bitte seien Sie liebevoll und geduldig mit sich.<br \/>\nInformieren Sie sich und wenn n\u00f6tig, holen Sie sich Hilfe von jemanden der sich wirklich auskennt.<\/p>\n<\/div><\/section>\n","protected":false},"excerpt":{"rendered":"","protected":false},"author":2,"featured_media":0,"parent":0,"menu_order":0,"comment_status":"closed","ping_status":"closed","template":"","meta":[],"yoast_head":"<!-- This site is optimized with the Yoast SEO plugin v19.4 - https:\/\/yoast.com\/wordpress\/plugins\/seo\/ -->\n<title>NAHRUNGSERG\u00c4NZUNGSMITTEL - NEURONBEST<\/title>\n<meta name=\"robots\" content=\"index, follow, max-snippet:-1, max-image-preview:large, max-video-preview:-1\" \/>\n<link rel=\"canonical\" href=\"https:\/\/www.neuronbest.de\/index.php\/nahrungsergaenzungsmittel\/\" \/>\n<meta property=\"og:locale\" content=\"de_DE\" \/>\n<meta property=\"og:type\" content=\"article\" \/>\n<meta property=\"og:title\" content=\"NAHRUNGSERG\u00c4NZUNGSMITTEL - NEURONBEST\" \/>\n<meta property=\"og:url\" content=\"https:\/\/www.neuronbest.de\/index.php\/nahrungsergaenzungsmittel\/\" \/>\n<meta property=\"og:site_name\" content=\"NEURONBEST\" \/>\n<meta property=\"article:publisher\" content=\"http:\/\/www.facebook.com\/neuronbest\" \/>\n<meta property=\"article:modified_time\" content=\"2020-02-28T14:13:22+00:00\" \/>\n<meta name=\"twitter:card\" content=\"summary_large_image\" \/>\n<meta name=\"twitter:label1\" content=\"Gesch\u00e4tzte Lesezeit\" \/>\n\t<meta name=\"twitter:data1\" content=\"7\u00a0Minuten\" \/>\n<script type=\"application\/ld+json\" class=\"yoast-schema-graph\">{\"@context\":\"https:\/\/schema.org\",\"@graph\":[{\"@type\":\"Organization\",\"@id\":\"https:\/\/www.neuronbest.de\/#organization\",\"name\":\"NeuronBEST UG (haftungsbeschr\u00e4nkt)\",\"url\":\"https:\/\/www.neuronbest.de\/\",\"sameAs\":[\"http:\/\/www.facebook.com\/neuronbest\"],\"logo\":{\"@type\":\"ImageObject\",\"inLanguage\":\"de\",\"@id\":\"https:\/\/www.neuronbest.de\/#\/schema\/logo\/image\/\",\"url\":\"https:\/\/www.neuronbest.de\/wp-content\/uploads\/2019\/11\/logo.png\",\"contentUrl\":\"https:\/\/www.neuronbest.de\/wp-content\/uploads\/2019\/11\/logo.png\",\"width\":600,\"height\":238,\"caption\":\"NeuronBEST UG (haftungsbeschr\u00e4nkt)\"},\"image\":{\"@id\":\"https:\/\/www.neuronbest.de\/#\/schema\/logo\/image\/\"}},{\"@type\":\"WebSite\",\"@id\":\"https:\/\/www.neuronbest.de\/#website\",\"url\":\"https:\/\/www.neuronbest.de\/\",\"name\":\"NEURONBEST\",\"description\":\"Vitalstoffkomplex - Die Besten vereint\",\"publisher\":{\"@id\":\"https:\/\/www.neuronbest.de\/#organization\"},\"potentialAction\":[{\"@type\":\"SearchAction\",\"target\":{\"@type\":\"EntryPoint\",\"urlTemplate\":\"https:\/\/www.neuronbest.de\/?s={search_term_string}\"},\"query-input\":\"required name=search_term_string\"}],\"inLanguage\":\"de\"},{\"@type\":\"WebPage\",\"@id\":\"https:\/\/www.neuronbest.de\/index.php\/nahrungsergaenzungsmittel\/\",\"url\":\"https:\/\/www.neuronbest.de\/index.php\/nahrungsergaenzungsmittel\/\",\"name\":\"NAHRUNGSERG\u00c4NZUNGSMITTEL - NEURONBEST\",\"isPartOf\":{\"@id\":\"https:\/\/www.neuronbest.de\/#website\"},\"datePublished\":\"2019-12-10T15:36:26+00:00\",\"dateModified\":\"2020-02-28T14:13:22+00:00\",\"breadcrumb\":{\"@id\":\"https:\/\/www.neuronbest.de\/index.php\/nahrungsergaenzungsmittel\/#breadcrumb\"},\"inLanguage\":\"de\",\"potentialAction\":[{\"@type\":\"ReadAction\",\"target\":[\"https:\/\/www.neuronbest.de\/index.php\/nahrungsergaenzungsmittel\/\"]}]},{\"@type\":\"BreadcrumbList\",\"@id\":\"https:\/\/www.neuronbest.de\/index.php\/nahrungsergaenzungsmittel\/#breadcrumb\",\"itemListElement\":[{\"@type\":\"ListItem\",\"position\":1,\"name\":\"Startseite\",\"item\":\"https:\/\/www.neuronbest.de\/\"},{\"@type\":\"ListItem\",\"position\":2,\"name\":\"NAHRUNGSERG\u00c4NZUNGSMITTEL\"}]}]}<\/script>\n<!-- \/ Yoast SEO plugin. -->","yoast_head_json":{"title":"NAHRUNGSERG\u00c4NZUNGSMITTEL - NEURONBEST","robots":{"index":"index","follow":"follow","max-snippet":"max-snippet:-1","max-image-preview":"max-image-preview:large","max-video-preview":"max-video-preview:-1"},"canonical":"https:\/\/www.neuronbest.de\/index.php\/nahrungsergaenzungsmittel\/","og_locale":"de_DE","og_type":"article","og_title":"NAHRUNGSERG\u00c4NZUNGSMITTEL - NEURONBEST","og_url":"https:\/\/www.neuronbest.de\/index.php\/nahrungsergaenzungsmittel\/","og_site_name":"NEURONBEST","article_publisher":"http:\/\/www.facebook.com\/neuronbest","article_modified_time":"2020-02-28T14:13:22+00:00","twitter_card":"summary_large_image","twitter_misc":{"Gesch\u00e4tzte Lesezeit":"7\u00a0Minuten"},"schema":{"@context":"https:\/\/schema.org","@graph":[{"@type":"Organization","@id":"https:\/\/www.neuronbest.de\/#organization","name":"NeuronBEST UG (haftungsbeschr\u00e4nkt)","url":"https:\/\/www.neuronbest.de\/","sameAs":["http:\/\/www.facebook.com\/neuronbest"],"logo":{"@type":"ImageObject","inLanguage":"de","@id":"https:\/\/www.neuronbest.de\/#\/schema\/logo\/image\/","url":"https:\/\/www.neuronbest.de\/wp-content\/uploads\/2019\/11\/logo.png","contentUrl":"https:\/\/www.neuronbest.de\/wp-content\/uploads\/2019\/11\/logo.png","width":600,"height":238,"caption":"NeuronBEST UG (haftungsbeschr\u00e4nkt)"},"image":{"@id":"https:\/\/www.neuronbest.de\/#\/schema\/logo\/image\/"}},{"@type":"WebSite","@id":"https:\/\/www.neuronbest.de\/#website","url":"https:\/\/www.neuronbest.de\/","name":"NEURONBEST","description":"Vitalstoffkomplex - Die Besten vereint","publisher":{"@id":"https:\/\/www.neuronbest.de\/#organization"},"potentialAction":[{"@type":"SearchAction","target":{"@type":"EntryPoint","urlTemplate":"https:\/\/www.neuronbest.de\/?s={search_term_string}"},"query-input":"required name=search_term_string"}],"inLanguage":"de"},{"@type":"WebPage","@id":"https:\/\/www.neuronbest.de\/index.php\/nahrungsergaenzungsmittel\/","url":"https:\/\/www.neuronbest.de\/index.php\/nahrungsergaenzungsmittel\/","name":"NAHRUNGSERG\u00c4NZUNGSMITTEL - NEURONBEST","isPartOf":{"@id":"https:\/\/www.neuronbest.de\/#website"},"datePublished":"2019-12-10T15:36:26+00:00","dateModified":"2020-02-28T14:13:22+00:00","breadcrumb":{"@id":"https:\/\/www.neuronbest.de\/index.php\/nahrungsergaenzungsmittel\/#breadcrumb"},"inLanguage":"de","potentialAction":[{"@type":"ReadAction","target":["https:\/\/www.neuronbest.de\/index.php\/nahrungsergaenzungsmittel\/"]}]},{"@type":"BreadcrumbList","@id":"https:\/\/www.neuronbest.de\/index.php\/nahrungsergaenzungsmittel\/#breadcrumb","itemListElement":[{"@type":"ListItem","position":1,"name":"Startseite","item":"https:\/\/www.neuronbest.de\/"},{"@type":"ListItem","position":2,"name":"NAHRUNGSERG\u00c4NZUNGSMITTEL"}]}]}},"_links":{"self":[{"href":"https:\/\/www.neuronbest.de\/index.php\/wp-json\/wp\/v2\/pages\/425"}],"collection":[{"href":"https:\/\/www.neuronbest.de\/index.php\/wp-json\/wp\/v2\/pages"}],"about":[{"href":"https:\/\/www.neuronbest.de\/index.php\/wp-json\/wp\/v2\/types\/page"}],"author":[{"embeddable":true,"href":"https:\/\/www.neuronbest.de\/index.php\/wp-json\/wp\/v2\/users\/2"}],"replies":[{"embeddable":true,"href":"https:\/\/www.neuronbest.de\/index.php\/wp-json\/wp\/v2\/comments?post=425"}],"version-history":[{"count":35,"href":"https:\/\/www.neuronbest.de\/index.php\/wp-json\/wp\/v2\/pages\/425\/revisions"}],"predecessor-version":[{"id":1069,"href":"https:\/\/www.neuronbest.de\/index.php\/wp-json\/wp\/v2\/pages\/425\/revisions\/1069"}],"wp:attachment":[{"href":"https:\/\/www.neuronbest.de\/index.php\/wp-json\/wp\/v2\/media?parent=425"}],"curies":[{"name":"wp","href":"https:\/\/api.w.org\/{rel}","templated":true}]}}