{"id":356,"date":"2019-12-05T12:35:17","date_gmt":"2019-12-05T12:35:17","guid":{"rendered":"https:\/\/www.neuronbest.de\/?page_id=356"},"modified":"2020-06-28T17:47:28","modified_gmt":"2020-06-28T17:47:28","slug":"zu-meiner-person","status":"publish","type":"page","link":"https:\/\/www.neuronbest.de\/index.php\/zu-meiner-person\/","title":{"rendered":"\u00dcBER MICH"},"content":{"rendered":"<div id='full_slider_1'  class='avia-fullwidth-slider main_color avia-shadow   avia-builder-el-0  el_before_av_one_full  avia-builder-el-first  schatten  container_wrap fullsize'  ><div   data-size='no scaling'  data-lightbox_size='large'  data-animation='slide'  data-conditional_play=''  data-ids='537'  data-video_counter='0'  data-autoplay='false'  data-bg_slider='false'  data-slide_height=''  data-handle='av_slideshow_full'  data-interval='5'  data-class=' '  data-el_id=''  data-css_id=''  data-scroll_down=''  data-control_layout='av-control-default'  data-custom_markup=''  data-perma_caption=''  data-autoplay_stopper=''  data-image_attachment=''  data-min_height='0px'  data-lazy_loading='disabled'  data-src=''  data-position='top left'  data-repeat='no-repeat'  data-attach='scroll'  data-stretch=''  class='avia-slideshow avia-slideshow-1  av-control-default av-default-height-applied avia-slideshow-no scaling av_slideshow_full   avia-slide-slider '  itemprop=\"image\" itemscope=\"itemscope\" itemtype=\"https:\/\/schema.org\/ImageObject\" ><ul class='avia-slideshow-inner ' style='padding-bottom: 10.7421875%;' ><li  class=' av-single-slide slide-1 ' ><div data-rel='slideshow-1' class='avia-slide-wrap '   ><img class=\"wp-image-537 avia-img-lazy-loading-not-537\"  src=\"https:\/\/www.neuronbest.de\/wp-content\/uploads\/2019\/12\/AdobeStock_246178531_2560x275.jpg\" width=\"2560\" height=\"275\" title='AdobeStock_246178531_2560x275' alt=''  itemprop=\"thumbnailUrl\" srcset=\"https:\/\/www.neuronbest.de\/wp-content\/uploads\/2019\/12\/AdobeStock_246178531_2560x275.jpg 2560w, https:\/\/www.neuronbest.de\/wp-content\/uploads\/2019\/12\/AdobeStock_246178531_2560x275-300x32.jpg 300w, https:\/\/www.neuronbest.de\/wp-content\/uploads\/2019\/12\/AdobeStock_246178531_2560x275-1024x110.jpg 1024w, https:\/\/www.neuronbest.de\/wp-content\/uploads\/2019\/12\/AdobeStock_246178531_2560x275-768x83.jpg 768w, https:\/\/www.neuronbest.de\/wp-content\/uploads\/2019\/12\/AdobeStock_246178531_2560x275-1536x165.jpg 1536w, https:\/\/www.neuronbest.de\/wp-content\/uploads\/2019\/12\/AdobeStock_246178531_2560x275-2048x220.jpg 2048w, https:\/\/www.neuronbest.de\/wp-content\/uploads\/2019\/12\/AdobeStock_246178531_2560x275-1500x161.jpg 1500w, https:\/\/www.neuronbest.de\/wp-content\/uploads\/2019\/12\/AdobeStock_246178531_2560x275-705x76.jpg 705w\" sizes=\"(max-width: 2560px) 100vw, 2560px\" \/><\/div><\/li><\/ul><\/div><\/div><div id='after_full_slider_1'  class='main_color av_default_container_wrap container_wrap fullsize'  ><div class='container av-section-cont-open' ><div class='template-page content  av-content-full alpha units'><div class='post-entry post-entry-type-page post-entry-356'><div class='entry-content-wrapper clearfix'>\n\n<style type=\"text\/css\" data-created_by=\"avia_inline_auto\" id=\"style-css-av-cyv95-52286a360eb2559071be9cc3a3240428\">\n.flex_column.av-cyv95-52286a360eb2559071be9cc3a3240428{\nborder-radius:0px 0px 0px 0px;\n-webkit-border-radius:0px 0px 0px 0px;\n-moz-border-radius:0px 0px 0px 0px;\n}\n<\/style>\n<div class='flex_column av-cyv95-52286a360eb2559071be9cc3a3240428 av_one_full  avia-builder-el-1  el_after_av_slideshow_full  avia-builder-el-no-sibling  first flex_column_div av-zero-column-padding '   ><section class=\"av_textblock_section \"  itemscope=\"itemscope\" itemtype=\"https:\/\/schema.org\/CreativeWork\" ><div class='avia_textblock  '   itemprop=\"text\" ><h1>Zu meiner Person \/ meine Erfahrungen<\/h1>\n<\/div><\/section><br \/>\n<section class=\"av_textblock_section \"  itemscope=\"itemscope\" itemtype=\"https:\/\/schema.org\/CreativeWork\" ><div class='avia_textblock  '   itemprop=\"text\" ><section class=\"av_textblock_section \">\n<div class=\"avia_textblock \" style=\"text-align: left;\">\n<p>Da ich schon in jungen Jahren angefangen habe mich regelm\u00e4\u00dfig sportlich zu bet\u00e4tigen, besch\u00e4ftige ich mich auch seit \u00fcber 20 Jahren mit Nahrungserg\u00e4nzungsmitteln. Hauptberuflich komme ich aus einer ganz anderen Sparte.<\/p>\n<p>Ich kann und darf hier keine Gesundheitsversprechen geben. <strong>Das sind meine eigenen privaten Erfahrungen!<\/strong> Es hei\u00dft nicht, dass es bei Ihnen ganz genau so sein muss.<\/p>\n<p><strong>Vor einigen Jahren \u00fcbernahm ich die Pflege meiner voll demenzkranken Mutter<\/strong>, die zu dem Zeitpunkt schon die h\u00f6chste Pflegestufe \/ Pflegegrad hatte. Da meine Mutter s\u00e4mtliche Demenz-Medikamente schlecht vertragen hat und schon bei meinem Vater regelm\u00e4\u00dfig kurzfristig ohnm\u00e4chtig wurde, ohne das ein Arzt\u00a0 einen Grund daf\u00fcr heraus fand, empfahl der Neurologe das derzeitige Medikament, das er ihr verschrieben hatte abzusetzen, was ich dann auch tat. Seit diesem Zeitpunkt supplementierte ich meine Mutter mit Vitamin B1, Vitamin B2, Niacin, Vitamin C, Vitamin B6, Vitamin B12, Vitamin D3, Magnesium, Vitamin K, L-Arginin dazu noch ein Multivitaminpr\u00e4parat.<\/p>\n<p>Von diesem Zeitpunkt an verbesserte sich die optische und geistige Verfassung meiner Mutter. Ihr unaufhaltsamer geistiger Verfall schritt viel langsamer voran als wie vor den Vitamingaben. Dazu gab ich ihr noch 3 x t\u00e4glich einen Essl\u00f6ffel mit reinem Kokos\u00f6l, da ein demenzkrankes Gehirn keinen Zucker mehr umsetzen kann, was es f\u00fcr eine normale Gehirnleistung aber ben\u00f6tigt. Im Kokos\u00f6l sind Ketone enthalten, die dem Zucker \u00e4hneln und als Zuckerersatz dienen.<\/p>\n<p><strong>Ein f\u00fcr mich \u00fcberraschenden positiver Nebeneffekt war sogar, dass ihre Haut im Gesicht glatter wurde und sie entspannter aussah, was mich ich mit Bildern belegen kann.<\/strong><\/p>\n<p>Ich musste damals zahlreiche verschiedene\u00a0 Nahrungserg\u00e4nzungsmittel und Mineralstoffe etc. von anderen Anbietern kaufen\u00a0<em>(An dieser Stelle ein gro\u00dfer Dank an Robert Franz)<\/em>\u00a0und hatte zuhause alles mit zig Gl\u00e4sern und Packungen vollstehen, bis ich beschlossen habe mein eigenes Vitalstoffpr\u00e4parat zusammen zustellen in dem die wirksamsten Stoffe in einem Produkt vereint sind und nannte es <strong>NeuronBEST<\/strong>.<\/p>\n<p>So ist es wesentlich einfacher zu erg\u00e4nzen und man muss nicht t\u00e4glich eine Handvoll Kapseln schlucken, sondern man braucht sich nur 2 x am Tag einen Drink zu\u00a0 mischen. Dies ist meiner Erfahrung nach auch wesentlich einfacher f\u00fcr Demenzkranke, denn sie bekommen krankheitsbedingt Probleme beim Schlucken und verschlucken sich auch sehr schnell, was nicht ungef\u00e4hrlich ist. Oder sie lassen die Kapseln einfach im Mund, sie l\u00f6sen sich auf und entfalten einen absto\u00dfenden Geschmack, was sehr unangenehm f\u00fcr den Demenzkranken sein kann.<\/p>\n<p><strong>NeuronBEST kann in Wasser, Joghurt oder \u00e4hnlichen Getr\u00e4nken einger\u00fchrt werden und schmeckt nach Orange.<\/strong><\/p>\n<p>Meine Familie und ich, sogar unsere Tiere nehmen <strong>NeuronBEST<\/strong>. Es ist eigentlich ein MUSS f\u00fcr jeden. Ob jung, ob alt.<\/p>\n<p><strong>Leider sind heutzutage in unseren Lebensmitteln wichtige Vitamine und Mineralstoffe nicht mehr ausreichend vorhanden<\/strong>. Hier noch von Lebensmitteln zu sprechen ist eigentlich ein Witz, wenn ich an die Pestizide, Fungizide, die in jedem Obst zu finden sind denke, sowie Glysophat in Weizen, Haferflocken, Brot. Antibiotika im Fleisch usw. usw. \u2026<\/p>\n<p><strong>Unser Organismus ist den ganzen Tag damit besch\u00e4ftigt unseren K\u00f6rper von Giftstoffen zu befreien.<\/strong> Dabei wird enorme Energie ben\u00f6tigt und Mineralien. Der Organismus ist also fast mehr mit der eigenen Reinigung\u00a0 besch\u00e4ftigt als mit dem Neuaufbau von gesunden Zellen. Nun kommt <strong>NeuronBEST<\/strong> ins Spiel und hilft dem K\u00f6rper. <strong>NeuronBEST<\/strong> stellt Vitamine und Spurenelemente zur Verf\u00fcgung, die der Organismus nun dringend f\u00fcr die Reparaturarbeit ben\u00f6tigt und unterst\u00fctzt ihn somit.<br \/>\n<\/nbsp><br \/>\n<strong>\u2013 Euer Frank Wichmann \u2013<\/strong><\/div>\n<\/section>\n<\/div><\/section><\/p><\/div>\n","protected":false},"excerpt":{"rendered":"","protected":false},"author":2,"featured_media":0,"parent":0,"menu_order":0,"comment_status":"closed","ping_status":"closed","template":"","meta":[],"yoast_head":"<!-- This site is optimized with the Yoast SEO plugin v19.4 - https:\/\/yoast.com\/wordpress\/plugins\/seo\/ -->\n<title>\u00dcBER MICH - NEURONBEST<\/title>\n<meta name=\"robots\" content=\"index, follow, max-snippet:-1, max-image-preview:large, max-video-preview:-1\" \/>\n<link rel=\"canonical\" href=\"https:\/\/www.neuronbest.de\/index.php\/zu-meiner-person\/\" \/>\n<meta property=\"og:locale\" content=\"de_DE\" \/>\n<meta property=\"og:type\" content=\"article\" \/>\n<meta property=\"og:title\" content=\"\u00dcBER MICH - NEURONBEST\" \/>\n<meta property=\"og:url\" content=\"https:\/\/www.neuronbest.de\/index.php\/zu-meiner-person\/\" \/>\n<meta property=\"og:site_name\" content=\"NEURONBEST\" \/>\n<meta property=\"article:publisher\" content=\"http:\/\/www.facebook.com\/neuronbest\" \/>\n<meta property=\"article:modified_time\" content=\"2020-06-28T17:47:28+00:00\" \/>\n<meta name=\"twitter:card\" content=\"summary_large_image\" \/>\n<meta name=\"twitter:label1\" content=\"Gesch\u00e4tzte Lesezeit\" \/>\n\t<meta name=\"twitter:data1\" content=\"4\u00a0Minuten\" \/>\n<script type=\"application\/ld+json\" class=\"yoast-schema-graph\">{\"@context\":\"https:\/\/schema.org\",\"@graph\":[{\"@type\":\"Organization\",\"@id\":\"https:\/\/www.neuronbest.de\/#organization\",\"name\":\"NeuronBEST UG (haftungsbeschr\u00e4nkt)\",\"url\":\"https:\/\/www.neuronbest.de\/\",\"sameAs\":[\"http:\/\/www.facebook.com\/neuronbest\"],\"logo\":{\"@type\":\"ImageObject\",\"inLanguage\":\"de\",\"@id\":\"https:\/\/www.neuronbest.de\/#\/schema\/logo\/image\/\",\"url\":\"https:\/\/www.neuronbest.de\/wp-content\/uploads\/2019\/11\/logo.png\",\"contentUrl\":\"https:\/\/www.neuronbest.de\/wp-content\/uploads\/2019\/11\/logo.png\",\"width\":600,\"height\":238,\"caption\":\"NeuronBEST UG (haftungsbeschr\u00e4nkt)\"},\"image\":{\"@id\":\"https:\/\/www.neuronbest.de\/#\/schema\/logo\/image\/\"}},{\"@type\":\"WebSite\",\"@id\":\"https:\/\/www.neuronbest.de\/#website\",\"url\":\"https:\/\/www.neuronbest.de\/\",\"name\":\"NEURONBEST\",\"description\":\"Vitalstoffkomplex - Die Besten vereint\",\"publisher\":{\"@id\":\"https:\/\/www.neuronbest.de\/#organization\"},\"potentialAction\":[{\"@type\":\"SearchAction\",\"target\":{\"@type\":\"EntryPoint\",\"urlTemplate\":\"https:\/\/www.neuronbest.de\/?s={search_term_string}\"},\"query-input\":\"required name=search_term_string\"}],\"inLanguage\":\"de\"},{\"@type\":\"WebPage\",\"@id\":\"https:\/\/www.neuronbest.de\/index.php\/zu-meiner-person\/\",\"url\":\"https:\/\/www.neuronbest.de\/index.php\/zu-meiner-person\/\",\"name\":\"\u00dcBER MICH - NEURONBEST\",\"isPartOf\":{\"@id\":\"https:\/\/www.neuronbest.de\/#website\"},\"datePublished\":\"2019-12-05T12:35:17+00:00\",\"dateModified\":\"2020-06-28T17:47:28+00:00\",\"breadcrumb\":{\"@id\":\"https:\/\/www.neuronbest.de\/index.php\/zu-meiner-person\/#breadcrumb\"},\"inLanguage\":\"de\",\"potentialAction\":[{\"@type\":\"ReadAction\",\"target\":[\"https:\/\/www.neuronbest.de\/index.php\/zu-meiner-person\/\"]}]},{\"@type\":\"BreadcrumbList\",\"@id\":\"https:\/\/www.neuronbest.de\/index.php\/zu-meiner-person\/#breadcrumb\",\"itemListElement\":[{\"@type\":\"ListItem\",\"position\":1,\"name\":\"Startseite\",\"item\":\"https:\/\/www.neuronbest.de\/\"},{\"@type\":\"ListItem\",\"position\":2,\"name\":\"\u00dcBER MICH\"}]}]}<\/script>\n<!-- \/ Yoast SEO plugin. -->","yoast_head_json":{"title":"\u00dcBER MICH - NEURONBEST","robots":{"index":"index","follow":"follow","max-snippet":"max-snippet:-1","max-image-preview":"max-image-preview:large","max-video-preview":"max-video-preview:-1"},"canonical":"https:\/\/www.neuronbest.de\/index.php\/zu-meiner-person\/","og_locale":"de_DE","og_type":"article","og_title":"\u00dcBER MICH - NEURONBEST","og_url":"https:\/\/www.neuronbest.de\/index.php\/zu-meiner-person\/","og_site_name":"NEURONBEST","article_publisher":"http:\/\/www.facebook.com\/neuronbest","article_modified_time":"2020-06-28T17:47:28+00:00","twitter_card":"summary_large_image","twitter_misc":{"Gesch\u00e4tzte Lesezeit":"4\u00a0Minuten"},"schema":{"@context":"https:\/\/schema.org","@graph":[{"@type":"Organization","@id":"https:\/\/www.neuronbest.de\/#organization","name":"NeuronBEST UG (haftungsbeschr\u00e4nkt)","url":"https:\/\/www.neuronbest.de\/","sameAs":["http:\/\/www.facebook.com\/neuronbest"],"logo":{"@type":"ImageObject","inLanguage":"de","@id":"https:\/\/www.neuronbest.de\/#\/schema\/logo\/image\/","url":"https:\/\/www.neuronbest.de\/wp-content\/uploads\/2019\/11\/logo.png","contentUrl":"https:\/\/www.neuronbest.de\/wp-content\/uploads\/2019\/11\/logo.png","width":600,"height":238,"caption":"NeuronBEST UG (haftungsbeschr\u00e4nkt)"},"image":{"@id":"https:\/\/www.neuronbest.de\/#\/schema\/logo\/image\/"}},{"@type":"WebSite","@id":"https:\/\/www.neuronbest.de\/#website","url":"https:\/\/www.neuronbest.de\/","name":"NEURONBEST","description":"Vitalstoffkomplex - Die Besten vereint","publisher":{"@id":"https:\/\/www.neuronbest.de\/#organization"},"potentialAction":[{"@type":"SearchAction","target":{"@type":"EntryPoint","urlTemplate":"https:\/\/www.neuronbest.de\/?s={search_term_string}"},"query-input":"required name=search_term_string"}],"inLanguage":"de"},{"@type":"WebPage","@id":"https:\/\/www.neuronbest.de\/index.php\/zu-meiner-person\/","url":"https:\/\/www.neuronbest.de\/index.php\/zu-meiner-person\/","name":"\u00dcBER MICH - NEURONBEST","isPartOf":{"@id":"https:\/\/www.neuronbest.de\/#website"},"datePublished":"2019-12-05T12:35:17+00:00","dateModified":"2020-06-28T17:47:28+00:00","breadcrumb":{"@id":"https:\/\/www.neuronbest.de\/index.php\/zu-meiner-person\/#breadcrumb"},"inLanguage":"de","potentialAction":[{"@type":"ReadAction","target":["https:\/\/www.neuronbest.de\/index.php\/zu-meiner-person\/"]}]},{"@type":"BreadcrumbList","@id":"https:\/\/www.neuronbest.de\/index.php\/zu-meiner-person\/#breadcrumb","itemListElement":[{"@type":"ListItem","position":1,"name":"Startseite","item":"https:\/\/www.neuronbest.de\/"},{"@type":"ListItem","position":2,"name":"\u00dcBER MICH"}]}]}},"_links":{"self":[{"href":"https:\/\/www.neuronbest.de\/index.php\/wp-json\/wp\/v2\/pages\/356"}],"collection":[{"href":"https:\/\/www.neuronbest.de\/index.php\/wp-json\/wp\/v2\/pages"}],"about":[{"href":"https:\/\/www.neuronbest.de\/index.php\/wp-json\/wp\/v2\/types\/page"}],"author":[{"embeddable":true,"href":"https:\/\/www.neuronbest.de\/index.php\/wp-json\/wp\/v2\/users\/2"}],"replies":[{"embeddable":true,"href":"https:\/\/www.neuronbest.de\/index.php\/wp-json\/wp\/v2\/comments?post=356"}],"version-history":[{"count":13,"href":"https:\/\/www.neuronbest.de\/index.php\/wp-json\/wp\/v2\/pages\/356\/revisions"}],"predecessor-version":[{"id":543,"href":"https:\/\/www.neuronbest.de\/index.php\/wp-json\/wp\/v2\/pages\/356\/revisions\/543"}],"wp:attachment":[{"href":"https:\/\/www.neuronbest.de\/index.php\/wp-json\/wp\/v2\/media?parent=356"}],"curies":[{"name":"wp","href":"https:\/\/api.w.org\/{rel}","templated":true}]}}